{"id":43,"date":"2022-11-08T09:59:16","date_gmt":"2022-11-08T08:59:16","guid":{"rendered":"http:\/\/mrna.localhost\/?page_id=43"},"modified":"2025-08-06T15:42:28","modified_gmt":"2025-08-06T13:42:28","slug":"hem","status":"publish","type":"page","link":"https:\/\/mrna.se\/","title":{"rendered":"Hem"},"content":{"rendered":"\n<div class=\"is-layout-flex wp-container-4 wp-block-columns\">\n<div class=\"is-layout-flow wp-block-column\" style=\"flex-basis:66.66%\">\n<h1>V\u00e4lkommen till mRNA Consulting AB \/ mRNA Invest AB<\/h1>\n\n\n\n<p>Ett f\u00f6retag med l\u00e5ng erfarenhet av att arbeta som strategisk partner f\u00f6r b\u00e5de sm\u00e5 och medelstora f\u00f6retag.<\/p>\n\n\n\n<p>Vi erbjuder tj\u00e4nster och produkter inom IT.<\/p>\n\n\n\n<p>Vi arbetar med ett antal partners f\u00f6r att s\u00e4kerst\u00e4lla att vi har den b\u00e4sta l\u00f6sningen f\u00f6r v\u00e5ra kunder.<\/p>\n\n\n\n<h2>mRNA Consulting, strategisk IT partner<\/h2>\n\n\n\n<p>Vi erbjuder kraftfulla l\u00f6sningar som f\u00f6rb\u00e4ttrar kundernas konkurrenskraft. V\u00e5r verksamhet pr\u00e4glas av kreativitet och ambition, och vi erbjuder b\u00e5de de senaste h\u00f6gteknologiska produkterna och konsulttj\u00e4nsterna.<br>V\u00e5rt m\u00e5l \u00e4r alltid att hitta den b\u00e4sta l\u00f6sningen f\u00f6r v\u00e5ra kunder. Vi har en gedigen kunskap om s\u00e5v\u00e4l aff\u00e4rsutveckling som teknik, systemutveckling och projektplan.<\/p>\n\n\n\n<p>I december 2010 f\u00f6rv\u00e4rvade mRNA Consulting AB, TXL Europe AB\u2019s outsourcing avdelning.<\/p>\n\n\n\n<h2>Tj\u00e4nster &amp; Produkter<\/h2>\n\n\n\n<p>Vi erbjuder professionella tj\u00e4nster fr\u00e5n v\u00e5ra IT-konsulter f\u00f6r att hj\u00e4lpa till med alternativt hantera dina n\u00e4tverk eller allm\u00e4nna IT-fr\u00e5gor. V\u00e5ra konsulter kan arbeta som en del av din IT-organisation eller som organisationen sig sj\u00e4lv och rapporterar direkt till chefen.<\/p>\n\n\n\n<p>Alla v\u00e5ra konsulter har i allm\u00e4nhet mer \u00e4n 30 \u00e5rs erfarenhet inom IT-branschen och \u00e4r v\u00e4l f\u00f6rtrogen med Microsoft-produkt familjen.<\/p>\n\n\n\n<p>Vi har inga exklusiva avtal med n\u00e5gon tillverkare, eftersom vi inser att inget f\u00f6retag av milj\u00f6n eller behov \u00e4r exakt samma som n\u00e5gon annan och som s\u00e5dan, grundar vi v\u00e5ra val av produkter och tj\u00e4nster p\u00e5 ditt f\u00f6retags aktuella behov.<br><\/p>\n<\/div>\n\n\n\n<div class=\"is-layout-flow wp-block-column\" style=\"flex-basis:33.33%\">\n<div class=\"wp-block-cover is-light\"><span aria-hidden=\"true\" class=\"wp-block-cover__background has-background-dim\"><\/span><img decoding=\"async\" loading=\"lazy\" width=\"2220\" height=\"1580\" class=\"wp-block-cover__image-background wp-image-44\" alt=\"\" src=\"http:\/\/mrna.noboxdesign.se\/app\/uploads\/2022\/11\/pexels-pixabay-4610641-1.jpg\" data-object-fit=\"cover\" srcset=\"https:\/\/mrna.se\/app\/uploads\/2022\/11\/pexels-pixabay-4610641-1.jpg 2220w, https:\/\/mrna.se\/app\/uploads\/2022\/11\/pexels-pixabay-4610641-1-300x214.jpg 300w, https:\/\/mrna.se\/app\/uploads\/2022\/11\/pexels-pixabay-4610641-1-1024x729.jpg 1024w, https:\/\/mrna.se\/app\/uploads\/2022\/11\/pexels-pixabay-4610641-1-768x547.jpg 768w, https:\/\/mrna.se\/app\/uploads\/2022\/11\/pexels-pixabay-4610641-1-1536x1093.jpg 1536w, https:\/\/mrna.se\/app\/uploads\/2022\/11\/pexels-pixabay-4610641-1-2048x1458.jpg 2048w, https:\/\/mrna.se\/app\/uploads\/2022\/11\/pexels-pixabay-4610641-1-250x178.jpg 250w, https:\/\/mrna.se\/app\/uploads\/2022\/11\/pexels-pixabay-4610641-1-120x85.jpg 120w\" sizes=\"(max-width: 2220px) 100vw, 2220px\" \/><div class=\"wp-block-cover__inner-container\">\n<div class=\"is-layout-flex wp-block-buttons\">\n<div class=\"wp-block-button aligncenter\"><a class=\"wp-block-button__link wp-element-button\" href=\"https:\/\/get.teamviewer.com\/6jgt8m8\">Online Support<\/a><\/div>\n<\/div>\n<\/div><\/div>\n\n\n\n<p><strong>Microsoft Sk\u00e4rmdelning<\/strong><\/p>\n\n\n\n<p>Tryck p\u00e5 WIN + CTRL + Q f\u00f6r att starta Snabbhj\u00e4lp och dela sk\u00e4rmen<\/p>\n\n\n\n<h2>Kontakt<\/h2>\n\n\n\n<h3>Huvudnummer<\/h3>\n\n\n\n<p>Kontoret: <br>sales \u201dat\u201d mrna \u201ddot\u201d se<\/p>\n\n\n\n<p>Efter normal arbetstid support\/Jour: +46 70 778 25 51<br>Normal kontorstid support: support \u201dat\u201d mrna \u201ddot\u201d se<\/p>\n\n\n\n<h3>Ekonomi<\/h3>\n\n\n\n<p>VAT nummer: SE556825802301<br>ekonomi \u201dat\u201d mrna \u201ddot\u201d se<\/p>\n<\/div>\n<\/div>\n","protected":false},"excerpt":{"rendered":"<p>V\u00e4lkommen till mRNA Consulting AB \/ mRNA Invest AB Ett f\u00f6retag med l\u00e5ng erfarenhet av att arbeta som strategisk partner f\u00f6r b\u00e5de sm\u00e5 och medelstora f\u00f6retag. Vi erbjuder tj\u00e4nster och produkter inom IT. Vi arbetar med ett antal partners f\u00f6r att s\u00e4kerst\u00e4lla att vi har den b\u00e4sta l\u00f6sningen f\u00f6r v\u00e5ra kunder. mRNA Consulting, strategisk IT&#8230;<\/p>\n","protected":false},"author":1,"featured_media":0,"parent":0,"menu_order":0,"comment_status":"closed","ping_status":"closed","template":"","meta":[],"_links":{"self":[{"href":"https:\/\/mrna.se\/index.php\/wp-json\/wp\/v2\/pages\/43"}],"collection":[{"href":"https:\/\/mrna.se\/index.php\/wp-json\/wp\/v2\/pages"}],"about":[{"href":"https:\/\/mrna.se\/index.php\/wp-json\/wp\/v2\/types\/page"}],"author":[{"embeddable":true,"href":"https:\/\/mrna.se\/index.php\/wp-json\/wp\/v2\/users\/1"}],"replies":[{"embeddable":true,"href":"https:\/\/mrna.se\/index.php\/wp-json\/wp\/v2\/comments?post=43"}],"version-history":[{"count":5,"href":"https:\/\/mrna.se\/index.php\/wp-json\/wp\/v2\/pages\/43\/revisions"}],"predecessor-version":[{"id":84,"href":"https:\/\/mrna.se\/index.php\/wp-json\/wp\/v2\/pages\/43\/revisions\/84"}],"wp:attachment":[{"href":"https:\/\/mrna.se\/index.php\/wp-json\/wp\/v2\/media?parent=43"}],"curies":[{"name":"wp","href":"https:\/\/api.w.org\/{rel}","templated":true}]}}